{"id":8713,"date":"2025-08-27T17:46:44","date_gmt":"2025-08-27T15:46:44","guid":{"rendered":"https:\/\/www.visiterungis.com\/?page_id=8713"},"modified":"2025-08-27T17:46:44","modified_gmt":"2025-08-27T15:46:44","slug":"visite-rungis-des-halles-aux-halles","status":"publish","type":"page","link":"https:\/\/www.visiterungis.com\/en\/visite-rungis-des-halles-aux-halles\/","title":{"rendered":"Visite Rungis &#8211; Des Halles aux Halles"},"content":{"rendered":"<div class=\"vce-row-container\"><div class=\"vce-row vce-row--col-gap-20 vce-row-equal-height vce-row-columns--top vce-row-content--top no-inner-container\" id=\"el-9e70541c\" data-vce-do-apply=\"all el-9e70541c\"><div class=\"vce-row-content\" data-vce-element-content=\"true\"><div class=\"vce-col vce-col--md-auto vce-col--xs-1 vce-col--xs-last vce-col--xs-first vce-col--sm-last vce-col--sm-first vce-col--md-last vce-col--lg-last vce-col--xl-last vce-col--md-first vce-col--lg-first vce-col--xl-first\" id=\"el-8d98ad14\"><div class=\"vce-col-inner\" data-vce-do-apply=\"border margin background  el-8d98ad14\"><div class=\"vce-col-content\" data-vce-element-content=\"true\" data-vce-do-apply=\"padding el-8d98ad14\"><div class=\"vcv-row-control-wrapper\"><\/div><\/div><\/div><\/div><\/div><\/div><\/div><div class=\"vce-row-container\"><div class=\"vce-row vce-row--col-gap-20 vce-row-equal-height vce-row-columns--top vce-row-content--top no-inner-container\" id=\"el-ad05056b\" data-vce-do-apply=\"all el-ad05056b\"><div class=\"vce-row-content\" data-vce-element-content=\"true\"><div class=\"vce-col vce-col--md-auto vce-col--xs-1 vce-col--xs-last vce-col--xs-first vce-col--sm-last vce-col--sm-first vce-col--md-last vce-col--lg-last vce-col--xl-last vce-col--md-first vce-col--lg-first vce-col--xl-first\" id=\"el-29fbe805\"><div class=\"vce-col-inner\" data-vce-do-apply=\"border margin background  el-29fbe805\"><div class=\"vce-col-content\" data-vce-element-content=\"true\" data-vce-do-apply=\"padding el-29fbe805\"><div class=\"vcv-row-control-wrapper\"><\/div><\/div><\/div><\/div><\/div><\/div><\/div><div class=\"vce-row-container\"><div class=\"vce-row vce-row--col-gap-20 vce-row-equal-height vce-row-columns--top vce-row-content--top no-inner-container\" id=\"el-e51b5499\" data-vce-do-apply=\"all el-e51b5499\"><div class=\"vce-row-content\" data-vce-element-content=\"true\"><div class=\"vce-col vce-col--md-auto vce-col--xs-1 vce-col--xs-last vce-col--xs-first vce-col--sm-last vce-col--sm-first vce-col--md-last vce-col--lg-last vce-col--xl-last vce-col--md-first vce-col--lg-first vce-col--xl-first\" id=\"el-fdb385f3\"><div class=\"vce-col-inner\" data-vce-do-apply=\"border margin background  el-fdb385f3\"><div class=\"vce-col-content\" data-vce-element-content=\"true\" data-vce-do-apply=\"padding el-fdb385f3\"><div class=\"vce-text-block\"><div class=\"vce-text-block-wrapper vce\" id=\"el-053eccc1\" data-vce-do-apply=\"all el-053eccc1\"><p data-start=\"214\" data-end=\"588\">Plongez au c\u0153ur de l\u2019histoire et de l\u2019effervescence du plus grand march\u00e9 de produits frais au monde : Rungis. H\u00e9ritier direct des anciennes Halles de Paris, ce lieu embl\u00e9matique perp\u00e9tue une tradition commer\u00e7ante vieille de plusieurs si\u00e8cles. De l\u2019agitation des pavillons aux odeurs all\u00e9chantes des produits d\u2019exception, chaque visite est une immersion dans un monde \u00e0 part.<\/p><p data-start=\"590\" data-end=\"904\">\"Des Halles aux Halles\" propose un voyage sensoriel et historique, de l\u2019\u00e9poque m\u00e9di\u00e9vale des Halles centrales \u00e0 l\u2019ultramoderne march\u00e9 de Rungis. D\u00e9couvrez comment ce site colossal s\u2019est transform\u00e9 en un carrefour incontournable du go\u00fbt et de la logistique, tout en conservant l\u2019\u00e2me des marchands parisiens d\u2019antan.<\/p><p data-start=\"906\" data-end=\"1173\">\u00c0 travers cette visite, partez \u00e0 la rencontre des femmes et des hommes qui, chaque nuit, font vivre ce lieu hors norme. Vivez les coulisses, admirez la diversit\u00e9 des produits, comprenez les enjeux d\u2019aujourd\u2019hui et de demain pour l\u2019alimentation et les circuits courts.<\/p><p data-start=\"1175\" data-end=\"1271\">Un parcours unique, entre tradition et modernit\u00e9, pour mieux comprendre ce que manger veut dire<\/p><\/div><\/div><\/div><\/div><\/div><\/div><\/div><\/div>","protected":false},"excerpt":{"rendered":"<p>Plongez au c\u0153ur de l\u2019histoire et de l\u2019effervescence du plus grand march\u00e9 de produits frais au monde : Rungis. H\u00e9ritier direct des anciennes Halles de Paris, ce lieu embl\u00e9matique perp\u00e9tue une tradition commer\u00e7ante vieille de plusieurs si\u00e8cles. De l\u2019agitation des pavillons aux odeurs all\u00e9chantes des produits d\u2019exception, chaque visite est une immersion dans un monde [&hellip;]<\/p>","protected":false},"author":2,"featured_media":0,"parent":0,"menu_order":0,"comment_status":"closed","ping_status":"closed","template":"","meta":{"footnotes":""},"class_list":["post-8713","page","type-page","status-publish","hentry"],"yoast_head":"<!-- This site is optimized with the Yoast SEO plugin v27.4 - https:\/\/yoast.com\/product\/yoast-seo-wordpress\/ -->\n<title>Visite Rungis - Des Halles aux Halles - Visite Rungis<\/title>\n<meta name=\"robots\" content=\"index, follow, max-snippet:-1, max-image-preview:large, max-video-preview:-1\" \/>\n<link rel=\"canonical\" href=\"https:\/\/www.visiterungis.com\/en\/visite-rungis-des-halles-aux-halles\/\" \/>\n<meta property=\"og:locale\" content=\"en_GB\" \/>\n<meta property=\"og:type\" content=\"article\" \/>\n<meta property=\"og:title\" content=\"Visite Rungis - Des Halles aux Halles - Visite Rungis\" \/>\n<meta property=\"og:description\" content=\"Plongez au c\u0153ur de l\u2019histoire et de l\u2019effervescence du plus grand march\u00e9 de produits frais au monde : Rungis. H\u00e9ritier direct des anciennes Halles de Paris, ce lieu embl\u00e9matique perp\u00e9tue une tradition commer\u00e7ante vieille de plusieurs si\u00e8cles. De l\u2019agitation des pavillons aux odeurs all\u00e9chantes des produits d\u2019exception, chaque visite est une immersion dans un monde [&hellip;]\" \/>\n<meta property=\"og:url\" content=\"https:\/\/www.visiterungis.com\/en\/visite-rungis-des-halles-aux-halles\/\" \/>\n<meta property=\"og:site_name\" content=\"Visite Rungis\" \/>\n<meta name=\"twitter:card\" content=\"summary_large_image\" \/>\n<meta name=\"twitter:label1\" content=\"Estimated reading time\" \/>\n\t<meta name=\"twitter:data1\" content=\"1 minute\" \/>\n<script type=\"application\/ld+json\" class=\"yoast-schema-graph\">{\"@context\":\"https:\\\/\\\/schema.org\",\"@graph\":[{\"@type\":\"WebPage\",\"@id\":\"https:\\\/\\\/www.visiterungis.com\\\/visite-rungis-des-halles-aux-halles\\\/\",\"url\":\"https:\\\/\\\/www.visiterungis.com\\\/visite-rungis-des-halles-aux-halles\\\/\",\"name\":\"Visite Rungis - Des Halles aux Halles - Visite Rungis\",\"isPartOf\":{\"@id\":\"https:\\\/\\\/www.visiterungis.com\\\/#website\"},\"datePublished\":\"2025-08-27T15:46:44+00:00\",\"breadcrumb\":{\"@id\":\"https:\\\/\\\/www.visiterungis.com\\\/visite-rungis-des-halles-aux-halles\\\/#breadcrumb\"},\"inLanguage\":\"en-GB\",\"potentialAction\":[{\"@type\":\"ReadAction\",\"target\":[\"https:\\\/\\\/www.visiterungis.com\\\/visite-rungis-des-halles-aux-halles\\\/\"]}]},{\"@type\":\"BreadcrumbList\",\"@id\":\"https:\\\/\\\/www.visiterungis.com\\\/visite-rungis-des-halles-aux-halles\\\/#breadcrumb\",\"itemListElement\":[{\"@type\":\"ListItem\",\"position\":1,\"name\":\"Accueil\",\"item\":\"https:\\\/\\\/www.visiterungis.com\\\/\"},{\"@type\":\"ListItem\",\"position\":2,\"name\":\"Visite Rungis &#8211; Des Halles aux Halles\"}]},{\"@type\":\"WebSite\",\"@id\":\"https:\\\/\\\/www.visiterungis.com\\\/#website\",\"url\":\"https:\\\/\\\/www.visiterungis.com\\\/\",\"name\":\"Visite Rungis\",\"description\":\"\",\"potentialAction\":[{\"@type\":\"SearchAction\",\"target\":{\"@type\":\"EntryPoint\",\"urlTemplate\":\"https:\\\/\\\/www.visiterungis.com\\\/?s={search_term_string}\"},\"query-input\":{\"@type\":\"PropertyValueSpecification\",\"valueRequired\":true,\"valueName\":\"search_term_string\"}}],\"inLanguage\":\"en-GB\"}]}<\/script>\n<!-- \/ Yoast SEO plugin. -->","yoast_head_json":{"title":"Visite Rungis - Des Halles aux Halles - Visite Rungis","robots":{"index":"index","follow":"follow","max-snippet":"max-snippet:-1","max-image-preview":"max-image-preview:large","max-video-preview":"max-video-preview:-1"},"canonical":"https:\/\/www.visiterungis.com\/en\/visite-rungis-des-halles-aux-halles\/","og_locale":"en_GB","og_type":"article","og_title":"Visite Rungis - Des Halles aux Halles - Visite Rungis","og_description":"Plongez au c\u0153ur de l\u2019histoire et de l\u2019effervescence du plus grand march\u00e9 de produits frais au monde : Rungis. H\u00e9ritier direct des anciennes Halles de Paris, ce lieu embl\u00e9matique perp\u00e9tue une tradition commer\u00e7ante vieille de plusieurs si\u00e8cles. De l\u2019agitation des pavillons aux odeurs all\u00e9chantes des produits d\u2019exception, chaque visite est une immersion dans un monde [&hellip;]","og_url":"https:\/\/www.visiterungis.com\/en\/visite-rungis-des-halles-aux-halles\/","og_site_name":"Visite Rungis","twitter_card":"summary_large_image","twitter_misc":{"Estimated reading time":"1 minute"},"schema":{"@context":"https:\/\/schema.org","@graph":[{"@type":"WebPage","@id":"https:\/\/www.visiterungis.com\/visite-rungis-des-halles-aux-halles\/","url":"https:\/\/www.visiterungis.com\/visite-rungis-des-halles-aux-halles\/","name":"Visite Rungis - Des Halles aux Halles - Visite Rungis","isPartOf":{"@id":"https:\/\/www.visiterungis.com\/#website"},"datePublished":"2025-08-27T15:46:44+00:00","breadcrumb":{"@id":"https:\/\/www.visiterungis.com\/visite-rungis-des-halles-aux-halles\/#breadcrumb"},"inLanguage":"en-GB","potentialAction":[{"@type":"ReadAction","target":["https:\/\/www.visiterungis.com\/visite-rungis-des-halles-aux-halles\/"]}]},{"@type":"BreadcrumbList","@id":"https:\/\/www.visiterungis.com\/visite-rungis-des-halles-aux-halles\/#breadcrumb","itemListElement":[{"@type":"ListItem","position":1,"name":"Accueil","item":"https:\/\/www.visiterungis.com\/"},{"@type":"ListItem","position":2,"name":"Visite Rungis &#8211; Des Halles aux Halles"}]},{"@type":"WebSite","@id":"https:\/\/www.visiterungis.com\/#website","url":"https:\/\/www.visiterungis.com\/","name":"Visite Rungis","description":"","potentialAction":[{"@type":"SearchAction","target":{"@type":"EntryPoint","urlTemplate":"https:\/\/www.visiterungis.com\/?s={search_term_string}"},"query-input":{"@type":"PropertyValueSpecification","valueRequired":true,"valueName":"search_term_string"}}],"inLanguage":"en-GB"}]}},"_links":{"self":[{"href":"https:\/\/www.visiterungis.com\/en\/wp-json\/wp\/v2\/pages\/8713","targetHints":{"allow":["GET"]}}],"collection":[{"href":"https:\/\/www.visiterungis.com\/en\/wp-json\/wp\/v2\/pages"}],"about":[{"href":"https:\/\/www.visiterungis.com\/en\/wp-json\/wp\/v2\/types\/page"}],"author":[{"embeddable":true,"href":"https:\/\/www.visiterungis.com\/en\/wp-json\/wp\/v2\/users\/2"}],"replies":[{"embeddable":true,"href":"https:\/\/www.visiterungis.com\/en\/wp-json\/wp\/v2\/comments?post=8713"}],"version-history":[{"count":1,"href":"https:\/\/www.visiterungis.com\/en\/wp-json\/wp\/v2\/pages\/8713\/revisions"}],"predecessor-version":[{"id":8714,"href":"https:\/\/www.visiterungis.com\/en\/wp-json\/wp\/v2\/pages\/8713\/revisions\/8714"}],"wp:attachment":[{"href":"https:\/\/www.visiterungis.com\/en\/wp-json\/wp\/v2\/media?parent=8713"}],"curies":[{"name":"wp","href":"https:\/\/api.w.org\/{rel}","templated":true}]}}